{"id":674,"date":"2021-10-22T12:00:20","date_gmt":"2021-10-22T10:00:20","guid":{"rendered":"https:\/\/anwalt.aretis.ch\/?page_id=674"},"modified":"2022-01-17T11:20:32","modified_gmt":"2022-01-17T10:20:32","slug":"ueber-die-kanzlei","status":"publish","type":"page","link":"https:\/\/rlh-law.ch\/en\/ueber-die-kanzlei\/","title":{"rendered":"About the firm"},"content":{"rendered":"<div data-elementor-type=\"wp-page\" data-elementor-id=\"674\" class=\"elementor elementor-674\" data-elementor-post-type=\"page\">\n\t\t\t\t\t\t<section class=\"elementor-section elementor-top-section elementor-element elementor-element-2f1e40f7 elementor-section-boxed elementor-section-height-default elementor-section-height-default\" data-id=\"2f1e40f7\" data-element_type=\"section\" data-e-type=\"section\">\n\t\t\t\t\t\t<div class=\"elementor-container elementor-column-gap-default\">\n\t\t\t\t\t<div class=\"elementor-column elementor-col-100 elementor-top-column elementor-element elementor-element-7af69bfb\" data-id=\"7af69bfb\" data-element_type=\"column\" data-e-type=\"column\">\n\t\t\t<div class=\"elementor-widget-wrap elementor-element-populated\">\n\t\t\t\t\t\t<div class=\"elementor-element elementor-element-3d186c1c elementor-widget elementor-widget-heading\" data-id=\"3d186c1c\" data-element_type=\"widget\" data-e-type=\"widget\" data-widget_type=\"heading.default\">\n\t\t\t\t<div class=\"elementor-widget-container\">\n\t\t\t\t\t<h2 class=\"elementor-heading-title elementor-size-default\">About the firm<\/h2>\t\t\t\t<\/div>\n\t\t\t\t<\/div>\n\t\t\t\t<div class=\"elementor-element elementor-element-549c326 elementor-widget-divider--view-line elementor-widget elementor-widget-divider\" data-id=\"549c326\" data-element_type=\"widget\" data-e-type=\"widget\" data-widget_type=\"divider.default\">\n\t\t\t\t<div class=\"elementor-widget-container\">\n\t\t\t\t\t\t\t<div class=\"elementor-divider\">\n\t\t\t<span class=\"elementor-divider-separator\">\n\t\t\t\t\t\t<\/span>\n\t\t<\/div>\n\t\t\t\t\t\t<\/div>\n\t\t\t\t<\/div>\n\t\t\t\t\t<\/div>\n\t\t<\/div>\n\t\t\t\t\t<\/div>\n\t\t<\/section>\n\t\t\t\t<section class=\"elementor-section elementor-top-section elementor-element elementor-element-7846dd8 elementor-section-boxed elementor-section-height-default elementor-section-height-default\" data-id=\"7846dd8\" data-element_type=\"section\" data-e-type=\"section\">\n\t\t\t\t\t\t<div class=\"elementor-container elementor-column-gap-default\">\n\t\t\t\t\t<div class=\"elementor-column elementor-col-100 elementor-top-column elementor-element elementor-element-d43c48d\" data-id=\"d43c48d\" data-element_type=\"column\" data-e-type=\"column\">\n\t\t\t<div class=\"elementor-widget-wrap elementor-element-populated\">\n\t\t\t\t\t\t<div class=\"elementor-element elementor-element-2150385 elementor-invisible elementor-widget elementor-widget-image\" data-id=\"2150385\" data-element_type=\"widget\" data-e-type=\"widget\" data-settings=\"{&quot;_animation&quot;:&quot;fadeIn&quot;}\" data-widget_type=\"image.default\">\n\t\t\t\t<div class=\"elementor-widget-container\">\n\t\t\t\t\t\t\t\t\t\t\t\t\t\t\t<img fetchpriority=\"high\" decoding=\"async\" width=\"2430\" height=\"959\" src=\"https:\/\/rlh-law.ch\/wp-content\/uploads\/2022\/01\/kanzlei_header2.jpg\" class=\"attachment-full size-full wp-image-3946\" alt=\"\" srcset=\"https:\/\/rlh-law.ch\/wp-content\/uploads\/2022\/01\/kanzlei_header2.jpg 2430w, https:\/\/rlh-law.ch\/wp-content\/uploads\/2022\/01\/kanzlei_header2-300x118.jpg 300w, https:\/\/rlh-law.ch\/wp-content\/uploads\/2022\/01\/kanzlei_header2-1024x404.jpg 1024w, https:\/\/rlh-law.ch\/wp-content\/uploads\/2022\/01\/kanzlei_header2-768x303.jpg 768w, https:\/\/rlh-law.ch\/wp-content\/uploads\/2022\/01\/kanzlei_header2-1536x606.jpg 1536w, https:\/\/rlh-law.ch\/wp-content\/uploads\/2022\/01\/kanzlei_header2-2048x808.jpg 2048w, https:\/\/rlh-law.ch\/wp-content\/uploads\/2022\/01\/kanzlei_header2-18x7.jpg 18w\" sizes=\"(max-width: 2430px) 100vw, 2430px\" \/>\t\t\t\t\t\t\t\t\t\t\t\t\t\t\t<\/div>\n\t\t\t\t<\/div>\n\t\t\t\t<div class=\"elementor-element elementor-element-eb27638 elementor-widget elementor-widget-text-editor\" data-id=\"eb27638\" data-element_type=\"widget\" data-e-type=\"widget\" data-widget_type=\"text-editor.default\">\n\t\t\t\t<div class=\"elementor-widget-container\">\n\t\t\t\t\t\t\t\t\t<p>We have the claim to repeatedly confirm the trust placed in us.<\/p>\t\t\t\t\t\t\t\t<\/div>\n\t\t\t\t<\/div>\n\t\t\t\t\t<\/div>\n\t\t<\/div>\n\t\t\t\t\t<\/div>\n\t\t<\/section>\n\t\t\t\t<section class=\"elementor-section elementor-top-section elementor-element elementor-element-7da8c66 mobile_fix elementor-section-boxed elementor-section-height-default elementor-section-height-default\" data-id=\"7da8c66\" data-element_type=\"section\" data-e-type=\"section\" data-settings=\"{&quot;background_background&quot;:&quot;classic&quot;}\">\n\t\t\t\t\t\t<div class=\"elementor-container elementor-column-gap-default\">\n\t\t\t\t\t<div class=\"elementor-column elementor-col-50 elementor-top-column elementor-element elementor-element-ba654a3\" data-id=\"ba654a3\" data-element_type=\"column\" data-e-type=\"column\">\n\t\t\t<div class=\"elementor-widget-wrap elementor-element-populated\">\n\t\t\t\t\t\t<div class=\"elementor-element elementor-element-4c54f417 elementor-widget elementor-widget-heading\" data-id=\"4c54f417\" data-element_type=\"widget\" data-e-type=\"widget\" data-widget_type=\"heading.default\">\n\t\t\t\t<div class=\"elementor-widget-container\">\n\t\t\t\t\t<h2 class=\"elementor-heading-title elementor-size-default\">Many years of experience<\/h2>\t\t\t\t<\/div>\n\t\t\t\t<\/div>\n\t\t\t\t<div class=\"elementor-element elementor-element-3b0fb784 elementor-widget elementor-widget-text-editor\" data-id=\"3b0fb784\" data-element_type=\"widget\" data-e-type=\"widget\" data-widget_type=\"text-editor.default\">\n\t\t\t\t<div class=\"elementor-widget-container\">\n\t\t\t\t\t\t\t\t\t<p>Our law firm is based on the long-term experience of its partners and has emerged from their established cooperation. We have in-depth expertise in the areas of law we work. Driven by the goal to create added value, we together with our clients seek individual and sustainable solutions. We concentrate on legal areas in which we have expertise. If necessary, we cooperate with external specialists. We are satisfied if our clients are.<\/p>\t\t\t\t\t\t\t\t<\/div>\n\t\t\t\t<\/div>\n\t\t\t\t\t<\/div>\n\t\t<\/div>\n\t\t\t\t<div class=\"elementor-column elementor-col-50 elementor-top-column elementor-element elementor-element-7a3df42\" data-id=\"7a3df42\" data-element_type=\"column\" data-e-type=\"column\">\n\t\t\t<div class=\"elementor-widget-wrap elementor-element-populated\">\n\t\t\t\t\t\t<div class=\"elementor-element elementor-element-553c8389 elementor-widget elementor-widget-heading\" data-id=\"553c8389\" data-element_type=\"widget\" data-e-type=\"widget\" data-widget_type=\"heading.default\">\n\t\t\t\t<div class=\"elementor-widget-container\">\n\t\t\t\t\t<h2 class=\"elementor-heading-title elementor-size-default\">Personal support<\/h2>\t\t\t\t<\/div>\n\t\t\t\t<\/div>\n\t\t\t\t<div class=\"elementor-element elementor-element-3ecbd4b4 elementor-widget elementor-widget-text-editor\" data-id=\"3ecbd4b4\" data-element_type=\"widget\" data-e-type=\"widget\" data-widget_type=\"text-editor.default\">\n\t\t\t\t<div class=\"elementor-widget-container\">\n\t\t\t\t\t\t\t\t\t<p>Our organization structures enable us to focus on the concerns of our customers. Personal support by the responsible partner is just as much natural for us as our high quality standards. The tried and tested cooperation of the partners has the advantage that we can individually concentrate our competences and resources where it is necessary. We maintain long-standing relationships based on mutual trust for many years with many of our customers in the canton of Aargau and all of Switzerland out of Baden.<\/p>\t\t\t\t\t\t\t\t<\/div>\n\t\t\t\t<\/div>\n\t\t\t\t\t<\/div>\n\t\t<\/div>\n\t\t\t\t\t<\/div>\n\t\t<\/section>\n\t\t\t\t<section class=\"elementor-section elementor-top-section elementor-element elementor-element-963ff51 mobile_fix elementor-section-boxed elementor-section-height-default elementor-section-height-default\" data-id=\"963ff51\" data-element_type=\"section\" data-e-type=\"section\">\n\t\t\t\t\t\t<div class=\"elementor-container elementor-column-gap-default\">\n\t\t\t\t\t<div class=\"elementor-column elementor-col-100 elementor-top-column elementor-element elementor-element-e138437\" data-id=\"e138437\" data-element_type=\"column\" data-e-type=\"column\">\n\t\t\t<div class=\"elementor-widget-wrap elementor-element-populated\">\n\t\t\t\t\t\t<section class=\"elementor-section elementor-inner-section elementor-element elementor-element-fbce3f8 elementor-section-full_width elementor-section-height-default elementor-section-height-default\" data-id=\"fbce3f8\" data-element_type=\"section\" data-e-type=\"section\">\n\t\t\t\t\t\t<div class=\"elementor-container elementor-column-gap-default\">\n\t\t\t\t\t<div class=\"elementor-column elementor-col-50 elementor-inner-column elementor-element elementor-element-73647b7\" data-id=\"73647b7\" data-element_type=\"column\" data-e-type=\"column\">\n\t\t\t<div class=\"elementor-widget-wrap elementor-element-populated\">\n\t\t\t\t\t\t<div class=\"elementor-element elementor-element-7363ce47 elementor-widget elementor-widget-image\" data-id=\"7363ce47\" data-element_type=\"widget\" data-e-type=\"widget\" data-widget_type=\"image.default\">\n\t\t\t\t<div class=\"elementor-widget-container\">\n\t\t\t\t\t\t\t\t\t\t\t\t\t\t\t<img decoding=\"async\" width=\"800\" height=\"534\" src=\"https:\/\/rlh-law.ch\/wp-content\/uploads\/2021\/10\/kanzlei2.jpg\" class=\"attachment-large size-large wp-image-278\" alt=\"\" srcset=\"https:\/\/rlh-law.ch\/wp-content\/uploads\/2021\/10\/kanzlei2.jpg 1000w, https:\/\/rlh-law.ch\/wp-content\/uploads\/2021\/10\/kanzlei2-300x200.jpg 300w, https:\/\/rlh-law.ch\/wp-content\/uploads\/2021\/10\/kanzlei2-768x512.jpg 768w\" sizes=\"(max-width: 800px) 100vw, 800px\" \/>\t\t\t\t\t\t\t\t\t\t\t\t\t\t\t<\/div>\n\t\t\t\t<\/div>\n\t\t\t\t<div class=\"elementor-element elementor-element-7fdb69e7 elementor-icon-list--layout-inline elementor-align-start elementor-list-item-link-full_width elementor-widget elementor-widget-icon-list\" data-id=\"7fdb69e7\" data-element_type=\"widget\" data-e-type=\"widget\" data-widget_type=\"icon-list.default\">\n\t\t\t\t<div class=\"elementor-widget-container\">\n\t\t\t\t\t\t\t<ul class=\"elementor-icon-list-items elementor-inline-items\">\n\t\t\t\t\t\t\t<li class=\"elementor-icon-list-item elementor-inline-item\">\n\t\t\t\t\t\t\t\t\t\t\t<a href=\"https:\/\/rlh-law.ch\/en\/kontakt\/\">\n\n\t\t\t\t\t\t\t\t\t\t\t\t<span class=\"elementor-icon-list-icon\">\n\t\t\t\t\t\t\t<i aria-hidden=\"true\" class=\"fas fa-chevron-right\"><\/i>\t\t\t\t\t\t<\/span>\n\t\t\t\t\t\t\t\t\t\t<span class=\"elementor-icon-list-text\">Contact us<\/span>\n\t\t\t\t\t\t\t\t\t\t\t<\/a>\n\t\t\t\t\t\t\t\t\t<\/li>\n\t\t\t\t\t\t<\/ul>\n\t\t\t\t\t\t<\/div>\n\t\t\t\t<\/div>\n\t\t\t\t\t<\/div>\n\t\t<\/div>\n\t\t\t\t<div class=\"elementor-column elementor-col-50 elementor-inner-column elementor-element elementor-element-3a8b3f2\" data-id=\"3a8b3f2\" data-element_type=\"column\" data-e-type=\"column\">\n\t\t\t<div class=\"elementor-widget-wrap elementor-element-populated\">\n\t\t\t\t\t\t<div class=\"elementor-element elementor-element-5fcbfe4 elementor-cta--layout-image-left elementor-cta--skin-classic elementor-animated-content elementor-bg-transform elementor-bg-transform-zoom-in elementor-invisible elementor-widget elementor-widget-call-to-action\" data-id=\"5fcbfe4\" data-element_type=\"widget\" data-e-type=\"widget\" data-settings=\"{&quot;_animation&quot;:&quot;fadeInRight&quot;}\" data-widget_type=\"call-to-action.default\">\n\t\t\t\t<div class=\"elementor-widget-container\">\n\t\t\t\t\t\t\t<div class=\"elementor-cta\">\n\t\t\t\t\t\t\t<div class=\"elementor-cta__content\">\n\t\t\t\t\n\t\t\t\t\t\t\t\t\t<h2 class=\"elementor-cta__title elementor-cta__content-item elementor-content-item\">\n\t\t\t\t\t\tOur clients\t\t\t\t\t<\/h2>\n\t\t\t\t\n\t\t\t\t\t\t\t\t\t<div class=\"elementor-cta__description elementor-cta__content-item elementor-content-item\">\n\t\t\t\t\t\tWe work in particular for clients operating in Switzerland. Accordingly, our activities cover the entire german-speaking part of Switzerland. \t\t\t\t\t<\/div>\n\t\t\t\t\n\t\t\t\t\t\t\t<\/div>\n\t\t\t\t\t\t\t<div class=\"elementor-ribbon\">\n\t\t\t\t<div class=\"elementor-ribbon-inner\">\n\t\t\t\t\tSwitzerland-wide\t\t\t\t<\/div>\n\t\t\t<\/div>\n\t\t\t\t<\/div>\n\t\t\t\t\t\t<\/div>\n\t\t\t\t<\/div>\n\t\t\t\t<div class=\"elementor-element elementor-element-e38941f elementor-cta--layout-image-left elementor-cta--skin-classic elementor-animated-content elementor-bg-transform elementor-bg-transform-zoom-in elementor-invisible elementor-widget elementor-widget-call-to-action\" data-id=\"e38941f\" data-element_type=\"widget\" data-e-type=\"widget\" data-settings=\"{&quot;_animation&quot;:&quot;fadeInRight&quot;}\" data-widget_type=\"call-to-action.default\">\n\t\t\t\t<div class=\"elementor-widget-container\">\n\t\t\t\t\t\t\t<div class=\"elementor-cta\">\n\t\t\t\t\t\t\t<div class=\"elementor-cta__content\">\n\t\t\t\t\n\t\t\t\t\t\t\t\t\t<h2 class=\"elementor-cta__title elementor-cta__content-item elementor-content-item\">\n\t\t\t\t\t\tPerfectly located\t\t\t\t\t<\/h2>\n\t\t\t\t\n\t\t\t\t\t\t\t\t\t<div class=\"elementor-cta__description elementor-cta__content-item elementor-content-item\">\n\t\t\t\t\t\tOur modern office premises is in a prime location right next to train station of Baden, with fast connections to the surrounding centers. The travel time is a quarter of an hour from Zurich main station and only a few minutes more from Aarau train station.\t\t\t\t\t<\/div>\n\t\t\t\t\n\t\t\t\t\t\t\t<\/div>\n\t\t\t\t\t\t\t<div class=\"elementor-ribbon\">\n\t\t\t\t<div class=\"elementor-ribbon-inner\">\n\t\t\t\t\tArrival\t\t\t\t<\/div>\n\t\t\t<\/div>\n\t\t\t\t<\/div>\n\t\t\t\t\t\t<\/div>\n\t\t\t\t<\/div>\n\t\t\t\t\t<\/div>\n\t\t<\/div>\n\t\t\t\t\t<\/div>\n\t\t<\/section>\n\t\t\t\t\t<\/div>\n\t\t<\/div>\n\t\t\t\t\t<\/div>\n\t\t<\/section>\n\t\t\t\t<\/div>","protected":false},"excerpt":{"rendered":"<p>\u00dcber die Kanzlei Wir haben den Anspruch, das in uns gesetzte Vertrauen stets aufs Neue zu best\u00e4tigen. Langj\u00e4hrige Erfahrungen Unsere Kanzlei basiert auf den langj\u00e4hrigen Erfahrungen der Partner und ist aus ihrer etablierten Zusammenarbeit entstanden. Wir verf\u00fcgen \u00fcber vertiefte Kenntnisse in den von uns bearbeiteten Rechtsgebieten. Getragen vom Ziel, Mehrwert zu schaffen, suchen wir gemeinsam [&hellip;]<\/p>\n","protected":false},"author":1,"featured_media":0,"parent":0,"menu_order":3,"comment_status":"closed","ping_status":"closed","template":"","meta":{"_seopress_robots_primary_cat":"","_seopress_titles_title":"\u00dcber die Kanzlei | Rey L\u00e4uffer Hofstetter Rechtsanw\u00e4lte","_seopress_titles_desc":"Unsere Kanzlei basiert auf den langj\u00e4hrigen Erfahrungen der Partner. Wir verf\u00fcgen \u00fcber vertiefte Kenntnisse in den von uns bearbeiteten Rechtsgebieten. ","_seopress_robots_index":"","footnotes":""},"class_list":["post-674","page","type-page","status-publish","hentry"],"_links":{"self":[{"href":"https:\/\/rlh-law.ch\/en\/wp-json\/wp\/v2\/pages\/674","targetHints":{"allow":["GET"]}}],"collection":[{"href":"https:\/\/rlh-law.ch\/en\/wp-json\/wp\/v2\/pages"}],"about":[{"href":"https:\/\/rlh-law.ch\/en\/wp-json\/wp\/v2\/types\/page"}],"author":[{"embeddable":true,"href":"https:\/\/rlh-law.ch\/en\/wp-json\/wp\/v2\/users\/1"}],"replies":[{"embeddable":true,"href":"https:\/\/rlh-law.ch\/en\/wp-json\/wp\/v2\/comments?post=674"}],"version-history":[{"count":5,"href":"https:\/\/rlh-law.ch\/en\/wp-json\/wp\/v2\/pages\/674\/revisions"}],"predecessor-version":[{"id":3949,"href":"https:\/\/rlh-law.ch\/en\/wp-json\/wp\/v2\/pages\/674\/revisions\/3949"}],"wp:attachment":[{"href":"https:\/\/rlh-law.ch\/en\/wp-json\/wp\/v2\/media?parent=674"}],"curies":[{"name":"wp","href":"https:\/\/api.w.org\/{rel}","templated":true}]}}