{"id":3231,"date":"2021-11-17T12:36:32","date_gmt":"2021-11-17T11:36:32","guid":{"rendered":"https:\/\/anwalt.aretis.ch\/?page_id=3231"},"modified":"2021-11-29T17:43:58","modified_gmt":"2021-11-29T16:43:58","slug":"anwalt-maegenwil-lupfig-und-schinznach","status":"publish","type":"page","link":"https:\/\/rlh-law.ch\/en\/anwalt-maegenwil-lupfig-und-schinznach\/","title":{"rendered":"Lawyer M\u00e4genwil, Lupfig and Schinznach"},"content":{"rendered":"<div data-elementor-type=\"wp-page\" data-elementor-id=\"3231\" class=\"elementor elementor-3231\" data-elementor-post-type=\"page\">\n\t\t\t\t\t\t<section class=\"elementor-section elementor-top-section elementor-element elementor-element-689d29eb elementor-section-full_width mobile_fix elementor-section-height-default elementor-section-height-default\" data-id=\"689d29eb\" data-element_type=\"section\" data-e-type=\"section\">\n\t\t\t\t\t\t<div class=\"elementor-container elementor-column-gap-default\">\n\t\t\t\t\t<div class=\"elementor-column elementor-col-100 elementor-top-column elementor-element elementor-element-6b2520fa\" data-id=\"6b2520fa\" data-element_type=\"column\" data-e-type=\"column\">\n\t\t\t<div class=\"elementor-widget-wrap elementor-element-populated\">\n\t\t\t\t\t\t<div class=\"elementor-element elementor-element-24cdca20 elementor-widget elementor-widget-heading\" data-id=\"24cdca20\" data-element_type=\"widget\" data-e-type=\"widget\" data-widget_type=\"heading.default\">\n\t\t\t\t<div class=\"elementor-widget-container\">\n\t\t\t\t\t<h1 class=\"elementor-heading-title elementor-size-default\">Law firm for inheritance law in M\u00e4genwil, Lupfig and Schinznach<\/h1>\t\t\t\t<\/div>\n\t\t\t\t<\/div>\n\t\t\t\t<div class=\"elementor-element elementor-element-47564b16 elementor-widget-divider--view-line elementor-widget elementor-widget-divider\" data-id=\"47564b16\" data-element_type=\"widget\" data-e-type=\"widget\" data-widget_type=\"divider.default\">\n\t\t\t\t<div class=\"elementor-widget-container\">\n\t\t\t\t\t\t\t<div class=\"elementor-divider\">\n\t\t\t<span class=\"elementor-divider-separator\">\n\t\t\t\t\t\t<\/span>\n\t\t<\/div>\n\t\t\t\t\t\t<\/div>\n\t\t\t\t<\/div>\n\t\t\t\t<section class=\"elementor-section elementor-inner-section elementor-element elementor-element-44fedd0 elementor-section-full_width bugfix elementor-section-height-default elementor-section-height-default\" data-id=\"44fedd0\" data-element_type=\"section\" data-e-type=\"section\">\n\t\t\t\t\t\t<div class=\"elementor-container elementor-column-gap-default\">\n\t\t\t\t\t<div class=\"elementor-column elementor-col-50 elementor-inner-column elementor-element elementor-element-26b9cd01\" data-id=\"26b9cd01\" data-element_type=\"column\" data-e-type=\"column\">\n\t\t\t<div class=\"elementor-widget-wrap elementor-element-populated\">\n\t\t\t\t\t\t<div class=\"elementor-element elementor-element-19abe834 elementor-widget elementor-widget-heading\" data-id=\"19abe834\" data-element_type=\"widget\" data-e-type=\"widget\" data-widget_type=\"heading.default\">\n\t\t\t\t<div class=\"elementor-widget-container\">\n\t\t\t\t\t<h2 class=\"elementor-heading-title elementor-size-default\">Legal assistance<\/h2>\t\t\t\t<\/div>\n\t\t\t\t<\/div>\n\t\t\t\t<div class=\"elementor-element elementor-element-79a4a2d2 elementor-drop-cap-yes elementor-drop-cap-view-default elementor-widget elementor-widget-text-editor\" data-id=\"79a4a2d2\" data-element_type=\"widget\" data-e-type=\"widget\" data-settings=\"{&quot;drop_cap&quot;:&quot;yes&quot;}\" data-widget_type=\"text-editor.default\">\n\t\t\t\t<div class=\"elementor-widget-container\">\n\t\t\t\t\t\t\t\t\t<p>Time and again, entrepreneurs, private individuals or even public administration find themselves in situations where legal assistance can be helpful. If you are looking for an experienced lawyer in M\u00e4genwil, Lupfig or Schinznach, please contact us.<\/p>\t\t\t\t\t\t\t\t<\/div>\n\t\t\t\t<\/div>\n\t\t\t\t<div class=\"elementor-element elementor-element-30975d67 elementor-icon-list--layout-traditional elementor-list-item-link-full_width elementor-widget elementor-widget-icon-list\" data-id=\"30975d67\" data-element_type=\"widget\" data-e-type=\"widget\" data-widget_type=\"icon-list.default\">\n\t\t\t\t<div class=\"elementor-widget-container\">\n\t\t\t\t\t\t\t<ul class=\"elementor-icon-list-items\">\n\t\t\t\t\t\t\t<li class=\"elementor-icon-list-item\">\n\t\t\t\t\t\t\t\t\t\t\t<span class=\"elementor-icon-list-icon\">\n\t\t\t\t\t\t\t<i aria-hidden=\"true\" class=\"fas fa-chevron-right\"><\/i>\t\t\t\t\t\t<\/span>\n\t\t\t\t\t\t\t\t\t\t<span class=\"elementor-icon-list-text\">for civil law <\/span>\n\t\t\t\t\t\t\t\t\t<\/li>\n\t\t\t\t\t\t\t\t<li class=\"elementor-icon-list-item\">\n\t\t\t\t\t\t\t\t\t\t\t<span class=\"elementor-icon-list-icon\">\n\t\t\t\t\t\t\t<i aria-hidden=\"true\" class=\"fas fa-chevron-right\"><\/i>\t\t\t\t\t\t<\/span>\n\t\t\t\t\t\t\t\t\t\t<span class=\"elementor-icon-list-text\">or for public law <\/span>\n\t\t\t\t\t\t\t\t\t<\/li>\n\t\t\t\t\t\t<\/ul>\n\t\t\t\t\t\t<\/div>\n\t\t\t\t<\/div>\n\t\t\t\t<div class=\"elementor-element elementor-element-18666c50 elementor-widget elementor-widget-text-editor\" data-id=\"18666c50\" data-element_type=\"widget\" data-e-type=\"widget\" data-widget_type=\"text-editor.default\">\n\t\t\t\t<div class=\"elementor-widget-container\">\n\t\t\t\t\t\t\t\t\t<p>then you can confidently turn to our specialists for various legal topics.<\/p><p>We are available for advising small and medium-sized businesses, but also for private construction law and family and child law. Subject areas for public administration can be public building law, municipal law, health law or infrastructure law.<\/p><p>By focusing on specific areas of law and adding external specialists when necessary, we are able to work with you to develop individual solutions to your questions and implement projects in a legally sound manner.<\/p>\t\t\t\t\t\t\t\t<\/div>\n\t\t\t\t<\/div>\n\t\t\t\t<div class=\"elementor-element elementor-element-e719333 elementor-widget elementor-widget-button\" data-id=\"e719333\" data-element_type=\"widget\" data-e-type=\"widget\" data-widget_type=\"button.default\">\n\t\t\t\t<div class=\"elementor-widget-container\">\n\t\t\t\t\t\t\t\t\t<div class=\"elementor-button-wrapper\">\n\t\t\t\t\t<a class=\"elementor-button elementor-button-link elementor-size-md\" href=\"https:\/\/rlh-law.ch\/en\/kontakt\/\">\n\t\t\t\t\t\t<span class=\"elementor-button-content-wrapper\">\n\t\t\t\t\t\t\t\t\t<span class=\"elementor-button-text\">Advice &amp; Contact<\/span>\n\t\t\t\t\t<\/span>\n\t\t\t\t\t<\/a>\n\t\t\t\t<\/div>\n\t\t\t\t\t\t\t\t<\/div>\n\t\t\t\t<\/div>\n\t\t\t\t<div class=\"elementor-element elementor-element-4d8f5928 elementor-widget elementor-widget-spacer\" data-id=\"4d8f5928\" data-element_type=\"widget\" data-e-type=\"widget\" data-widget_type=\"spacer.default\">\n\t\t\t\t<div class=\"elementor-widget-container\">\n\t\t\t\t\t\t\t<div class=\"elementor-spacer\">\n\t\t\t<div class=\"elementor-spacer-inner\"><\/div>\n\t\t<\/div>\n\t\t\t\t\t\t<\/div>\n\t\t\t\t<\/div>\n\t\t\t\t<div class=\"elementor-element elementor-element-373a435f elementor-cta--layout-image-above elementor-cta--skin-classic elementor-animated-content elementor-bg-transform elementor-bg-transform-zoom-in elementor-widget elementor-widget-call-to-action\" data-id=\"373a435f\" data-element_type=\"widget\" data-e-type=\"widget\" data-widget_type=\"call-to-action.default\">\n\t\t\t\t<div class=\"elementor-widget-container\">\n\t\t\t\t\t\t\t<div class=\"elementor-cta\">\n\t\t\t\t\t\t\t<div class=\"elementor-cta__content\">\n\t\t\t\t\n\t\t\t\t\t\t\t\t\t<h2 class=\"elementor-cta__title elementor-cta__content-item elementor-content-item\">\n\t\t\t\t\t\tQuestions about inheritance law in M\u00e4genwil, Lupfig or Schinznach\t\t\t\t\t<\/h2>\n\t\t\t\t\n\t\t\t\t\t\t\t\t\t<div class=\"elementor-cta__description elementor-cta__content-item elementor-content-item\">\n\t\t\t\t\t\tIt is not only legal issues that are at the forefront for those affected when the question of an inheritance arises. As a rule, a person leaves us with whom we are related by blood and with whom we have built up a personal relationship. <br \/><br \/>The challenge of settling inheritance-related aspects coincides with a phase of mourning and sometimes also of reorientation. A death can also occur suddenly, and it is not always possible to say goodbye to the relatives or to draw up a will. <br \/><br \/>At the same time, it is up to the surviving dependents to organize a funeral and, if possible, to arrange it in the way that would have corresponded to the wishes of the deceased. And all this usually has to be realized within a few days. How am I supposed to deal with questions of inheritance law during this time? <br \/><br \/>If you are looking for support and answers regarding inheritance law in M\u00e4genwil, Lupfig or Schinznach, you can turn to our specialized lawyers and our law firm. We will be happy to help you solve any problems.\t\t\t\t\t<\/div>\n\t\t\t\t\n\t\t\t\t\t\t\t<\/div>\n\t\t\t\t\t\t<\/div>\n\t\t\t\t\t\t<\/div>\n\t\t\t\t<\/div>\n\t\t\t\t<div class=\"elementor-element elementor-element-13f9fb15 elementor-widget elementor-widget-spacer\" data-id=\"13f9fb15\" data-element_type=\"widget\" data-e-type=\"widget\" data-widget_type=\"spacer.default\">\n\t\t\t\t<div class=\"elementor-widget-container\">\n\t\t\t\t\t\t\t<div class=\"elementor-spacer\">\n\t\t\t<div class=\"elementor-spacer-inner\"><\/div>\n\t\t<\/div>\n\t\t\t\t\t\t<\/div>\n\t\t\t\t<\/div>\n\t\t\t\t<div class=\"elementor-element elementor-element-34761743 elementor-widget elementor-widget-image\" data-id=\"34761743\" data-element_type=\"widget\" data-e-type=\"widget\" data-widget_type=\"image.default\">\n\t\t\t\t<div class=\"elementor-widget-container\">\n\t\t\t\t\t\t\t\t\t\t\t\t\t\t\t<img fetchpriority=\"high\" decoding=\"async\" width=\"1500\" height=\"491\" src=\"https:\/\/rlh-law.ch\/wp-content\/uploads\/2021\/11\/landings.jpg\" class=\"attachment-full size-full wp-image-3655\" alt=\"\" srcset=\"https:\/\/rlh-law.ch\/wp-content\/uploads\/2021\/11\/landings.jpg 1500w, https:\/\/rlh-law.ch\/wp-content\/uploads\/2021\/11\/landings-300x98.jpg 300w, https:\/\/rlh-law.ch\/wp-content\/uploads\/2021\/11\/landings-1024x335.jpg 1024w, https:\/\/rlh-law.ch\/wp-content\/uploads\/2021\/11\/landings-768x251.jpg 768w\" sizes=\"(max-width: 1500px) 100vw, 1500px\" \/>\t\t\t\t\t\t\t\t\t\t\t\t\t\t\t<\/div>\n\t\t\t\t<\/div>\n\t\t\t\t<div class=\"elementor-element elementor-element-ac208a1 elementor-widget elementor-widget-spacer\" data-id=\"ac208a1\" data-element_type=\"widget\" data-e-type=\"widget\" data-widget_type=\"spacer.default\">\n\t\t\t\t<div class=\"elementor-widget-container\">\n\t\t\t\t\t\t\t<div class=\"elementor-spacer\">\n\t\t\t<div class=\"elementor-spacer-inner\"><\/div>\n\t\t<\/div>\n\t\t\t\t\t\t<\/div>\n\t\t\t\t<\/div>\n\t\t\t\t<div class=\"elementor-element elementor-element-3e3b3b77 elementor-widget elementor-widget-heading\" data-id=\"3e3b3b77\" data-element_type=\"widget\" data-e-type=\"widget\" data-widget_type=\"heading.default\">\n\t\t\t\t<div class=\"elementor-widget-container\">\n\t\t\t\t\t<h2 class=\"elementor-heading-title elementor-size-default\">Inheritance tax in Switzerland<\/h2>\t\t\t\t<\/div>\n\t\t\t\t<\/div>\n\t\t\t\t<div class=\"elementor-element elementor-element-292c5231 elementor-drop-cap-yes elementor-drop-cap-view-default elementor-widget elementor-widget-text-editor\" data-id=\"292c5231\" data-element_type=\"widget\" data-e-type=\"widget\" data-settings=\"{&quot;drop_cap&quot;:&quot;yes&quot;}\" data-widget_type=\"text-editor.default\">\n\t\t\t\t<div class=\"elementor-widget-container\">\n\t\t\t\t\t\t\t\t\t<p>In Switzerland, the responsibility for inheritance tax lies with the cantons. In some cases, the municipalities are granted supplementary responsibility, and in some cantons the municipalities participate in the proceeds of the inheritance tax. Political initiatives to introduce federal responsibility for levying inheritance tax have not yet been successful.<\/p><p>The total revenue from inheritance and gift tax in Switzerland amounted to CHF 1,177 million in 2014. Gifts that have come to an heir up to five years before the death of the testator are offset in the same way as an inheritance. The only exception to this rule is the canton of Lucerne. In most cantons, the spouse is exempt from inheritance and gift tax. Descendants are also exempt from inheritance tax in some cantons.<\/p><p>The tax rates vary considerably from canton to canton. For example, parents in the canton of Neuch\u00e2tel pay only 3% tax, while in the canton of Berne inheritance tax for parents can be as high as 15%. Siblings pay a maximum of 4% inheritance tax in Graub\u00fcnden, but up to 23% in Aargau.<\/p>\t\t\t\t\t\t\t\t<\/div>\n\t\t\t\t<\/div>\n\t\t\t\t<div class=\"elementor-element elementor-element-5441e39b elementor-widget elementor-widget-button\" data-id=\"5441e39b\" data-element_type=\"widget\" data-e-type=\"widget\" data-widget_type=\"button.default\">\n\t\t\t\t<div class=\"elementor-widget-container\">\n\t\t\t\t\t\t\t\t\t<div class=\"elementor-button-wrapper\">\n\t\t\t\t\t<a class=\"elementor-button elementor-button-link elementor-size-md\" href=\"https:\/\/rlh-law.ch\/en\/kontakt\/\">\n\t\t\t\t\t\t<span class=\"elementor-button-content-wrapper\">\n\t\t\t\t\t\t\t\t\t<span class=\"elementor-button-text\">Contact us<\/span>\n\t\t\t\t\t<\/span>\n\t\t\t\t\t<\/a>\n\t\t\t\t<\/div>\n\t\t\t\t\t\t\t\t<\/div>\n\t\t\t\t<\/div>\n\t\t\t\t<div class=\"elementor-element elementor-element-2af500e9 elementor-widget elementor-widget-spacer\" data-id=\"2af500e9\" data-element_type=\"widget\" data-e-type=\"widget\" data-widget_type=\"spacer.default\">\n\t\t\t\t<div class=\"elementor-widget-container\">\n\t\t\t\t\t\t\t<div class=\"elementor-spacer\">\n\t\t\t<div class=\"elementor-spacer-inner\"><\/div>\n\t\t<\/div>\n\t\t\t\t\t\t<\/div>\n\t\t\t\t<\/div>\n\t\t\t\t<div class=\"elementor-element elementor-element-7106cb6d elementor-position-inline-start elementor-view-default elementor-mobile-position-block-start elementor-widget elementor-widget-icon-box\" data-id=\"7106cb6d\" data-element_type=\"widget\" data-e-type=\"widget\" data-widget_type=\"icon-box.default\">\n\t\t\t\t<div class=\"elementor-widget-container\">\n\t\t\t\t\t\t\t<div class=\"elementor-icon-box-wrapper\">\n\n\t\t\t\t\t\t<div class=\"elementor-icon-box-icon\">\n\t\t\t\t<span  class=\"elementor-icon\">\n\t\t\t\t<i aria-hidden=\"true\" class=\"fas fa-handshake\"><\/i>\t\t\t\t<\/span>\n\t\t\t<\/div>\n\t\t\t\n\t\t\t\t\t\t<div class=\"elementor-icon-box-content\">\n\n\t\t\t\t\t\t\t\t\t<h3 class=\"elementor-icon-box-title\">\n\t\t\t\t\t\t<span  >\n\t\t\t\t\t\t\tAssistance with inheritance planning\t\t\t\t\t\t<\/span>\n\t\t\t\t\t<\/h3>\n\t\t\t\t\n\t\t\t\t\t\t\t\t\t<p class=\"elementor-icon-box-description\">\n\t\t\t\t\t\tDealing with inheritance law often begins before the death. Looking ahead to the time after one's own demise may be an unpleasant topic for many people. After all, it has to do with one's own demise. <br \/><br \/>However, anyone who wants to create clarity in this respect also deals with the drafting of a testamentary disposition: the will. How do I draft my last will and testament in a legally secure manner so that it actually fulfills all the provisions I intend? What are the requirements for the will? Which mandatory shares must be taken into account? <br \/><br \/>For each person, the last will and testament only comes into effect once, and many people are accordingly dealing with the topic for the first time. Advice and help is available from our law firm for M\u00e4genwil, Lupfig and Schinznach.\n\n\t\t\t\t\t<\/p>\n\t\t\t\t\n\t\t\t<\/div>\n\t\t\t\n\t\t<\/div>\n\t\t\t\t\t\t<\/div>\n\t\t\t\t<\/div>\n\t\t\t\t<div class=\"elementor-element elementor-element-57d71bb elementor-drop-cap-yes elementor-drop-cap-view-default elementor-widget elementor-widget-text-editor\" data-id=\"57d71bb\" data-element_type=\"widget\" data-e-type=\"widget\" data-settings=\"{&quot;drop_cap&quot;:&quot;yes&quot;}\" data-widget_type=\"text-editor.default\">\n\t\t\t\t<div class=\"elementor-widget-container\">\n\t\t\t\t\t\t\t\t\t<p>We are there for you throughout Switzerland and also regionally. We serve customers among others as <a href=\"https:\/\/rlh-law.ch\/en\/anwalt-baden\/\">Lawyer in Baden<\/a>, <a href=\"https:\/\/rlh-law.ch\/en\/anwalt-wettingen\/\">as a law firm we also serve Wettingen<\/a>, <a href=\"https:\/\/rlh-law.ch\/en\/anwalt-mellingen-fislisbach-niederrohrdorf\/\">Mellingen and Fislisbach<\/a>. When you <a href=\"https:\/\/rlh-law.ch\/en\/anwalt-windisch-und-brugg\/\">Lawyers for Brugg and Windisch<\/a> you have come to the right place.<\/p>\t\t\t\t\t\t\t\t<\/div>\n\t\t\t\t<\/div>\n\t\t\t\t<div class=\"elementor-element elementor-element-86feae9 elementor-widget elementor-widget-spacer\" data-id=\"86feae9\" data-element_type=\"widget\" data-e-type=\"widget\" data-widget_type=\"spacer.default\">\n\t\t\t\t<div class=\"elementor-widget-container\">\n\t\t\t\t\t\t\t<div class=\"elementor-spacer\">\n\t\t\t<div class=\"elementor-spacer-inner\"><\/div>\n\t\t<\/div>\n\t\t\t\t\t\t<\/div>\n\t\t\t\t<\/div>\n\t\t\t\t\t<\/div>\n\t\t<\/div>\n\t\t\t\t<div class=\"elementor-column elementor-col-50 elementor-inner-column elementor-element elementor-element-6946d1fd ansprechpartner_fix\" data-id=\"6946d1fd\" data-element_type=\"column\" data-e-type=\"column\">\n\t\t\t<div class=\"elementor-widget-wrap elementor-element-populated\">\n\t\t\t\t\t\t<div class=\"elementor-element elementor-element-29ab4af8 elementor-widget elementor-widget-heading\" data-id=\"29ab4af8\" data-element_type=\"widget\" data-e-type=\"widget\" data-widget_type=\"heading.default\">\n\t\t\t\t<div class=\"elementor-widget-container\">\n\t\t\t\t\t<h2 class=\"elementor-heading-title elementor-size-default\">Contact<\/h2>\t\t\t\t<\/div>\n\t\t\t\t<\/div>\n\t\t\t\t<div class=\"elementor-element elementor-element-69df0eea elementor-widget elementor-widget-image\" data-id=\"69df0eea\" data-element_type=\"widget\" data-e-type=\"widget\" data-settings=\"{&quot;_animation&quot;:&quot;none&quot;}\" data-widget_type=\"image.default\">\n\t\t\t\t<div class=\"elementor-widget-container\">\n\t\t\t\t\t\t\t\t\t\t\t\t\t\t\t<img decoding=\"async\" width=\"1000\" height=\"1000\" src=\"https:\/\/rlh-law.ch\/wp-content\/uploads\/2021\/10\/alexander-rey.jpg\" class=\"attachment-full size-full wp-image-1261\" alt=\"\" srcset=\"https:\/\/rlh-law.ch\/wp-content\/uploads\/2021\/10\/alexander-rey.jpg 1000w, https:\/\/rlh-law.ch\/wp-content\/uploads\/2021\/10\/alexander-rey-300x300.jpg 300w, https:\/\/rlh-law.ch\/wp-content\/uploads\/2021\/10\/alexander-rey-150x150.jpg 150w, https:\/\/rlh-law.ch\/wp-content\/uploads\/2021\/10\/alexander-rey-768x768.jpg 768w\" sizes=\"(max-width: 1000px) 100vw, 1000px\" \/>\t\t\t\t\t\t\t\t\t\t\t\t\t\t\t<\/div>\n\t\t\t\t<\/div>\n\t\t\t\t<div class=\"elementor-element elementor-element-2cfd40b3 elementor-widget elementor-widget-text-editor\" data-id=\"2cfd40b3\" data-element_type=\"widget\" data-e-type=\"widget\" data-settings=\"{&quot;_animation&quot;:&quot;none&quot;}\" data-widget_type=\"text-editor.default\">\n\t\t\t\t<div class=\"elementor-widget-container\">\n\t\t\t\t\t\t\t\t\t<h3><a href=\"https:\/\/rlh-law.ch\/en\/rechtsanwaelte\/alexander-rey\/\">Alexander Rey<\/a><\/h3><p><strong>Attorney at Law<br \/>Specialist lawyer SAV<br \/>Construction and real estate law<\/strong><br \/>T+41 56 521 44 00<\/p>\t\t\t\t\t\t\t\t<\/div>\n\t\t\t\t<\/div>\n\t\t\t\t<div class=\"elementor-element elementor-element-3f221a4f elementor-widget elementor-widget-image\" data-id=\"3f221a4f\" data-element_type=\"widget\" data-e-type=\"widget\" data-settings=\"{&quot;_animation&quot;:&quot;none&quot;}\" data-widget_type=\"image.default\">\n\t\t\t\t<div class=\"elementor-widget-container\">\n\t\t\t\t\t\t\t\t\t\t\t\t\t\t\t<img decoding=\"async\" width=\"1000\" height=\"1000\" src=\"https:\/\/rlh-law.ch\/wp-content\/uploads\/2021\/10\/markus-laeuffer2.jpg\" class=\"attachment-full size-full wp-image-1089\" alt=\"\" srcset=\"https:\/\/rlh-law.ch\/wp-content\/uploads\/2021\/10\/markus-laeuffer2.jpg 1000w, https:\/\/rlh-law.ch\/wp-content\/uploads\/2021\/10\/markus-laeuffer2-300x300.jpg 300w, https:\/\/rlh-law.ch\/wp-content\/uploads\/2021\/10\/markus-laeuffer2-150x150.jpg 150w, https:\/\/rlh-law.ch\/wp-content\/uploads\/2021\/10\/markus-laeuffer2-768x768.jpg 768w\" sizes=\"(max-width: 1000px) 100vw, 1000px\" \/>\t\t\t\t\t\t\t\t\t\t\t\t\t\t\t<\/div>\n\t\t\t\t<\/div>\n\t\t\t\t<div class=\"elementor-element elementor-element-6fe707 elementor-widget elementor-widget-text-editor\" data-id=\"6fe707\" data-element_type=\"widget\" data-e-type=\"widget\" data-settings=\"{&quot;_animation&quot;:&quot;none&quot;}\" data-widget_type=\"text-editor.default\">\n\t\t\t\t<div class=\"elementor-widget-container\">\n\t\t\t\t\t\t\t\t\t<h3><a href=\"https:\/\/rlh-law.ch\/en\/rechtsanwaelte\/markus-laeuffer\/\">Markus L\u00e4uffer<\/a><\/h3><p><strong>LL.M., Attorney at Law<br \/>Specialist lawyer SAV family law<\/strong><br \/>T+41 56 521 44 00<\/p>\t\t\t\t\t\t\t\t<\/div>\n\t\t\t\t<\/div>\n\t\t\t\t<div class=\"elementor-element elementor-element-6c4e6d6b elementor-widget elementor-widget-image\" data-id=\"6c4e6d6b\" data-element_type=\"widget\" data-e-type=\"widget\" data-settings=\"{&quot;_animation&quot;:&quot;none&quot;}\" data-widget_type=\"image.default\">\n\t\t\t\t<div class=\"elementor-widget-container\">\n\t\t\t\t\t\t\t\t\t\t\t\t\t\t\t<img loading=\"lazy\" decoding=\"async\" width=\"1000\" height=\"1000\" src=\"https:\/\/rlh-law.ch\/wp-content\/uploads\/2021\/10\/david-hofstetter2.jpg\" class=\"attachment-full size-full wp-image-1085\" alt=\"\" srcset=\"https:\/\/rlh-law.ch\/wp-content\/uploads\/2021\/10\/david-hofstetter2.jpg 1000w, https:\/\/rlh-law.ch\/wp-content\/uploads\/2021\/10\/david-hofstetter2-300x300.jpg 300w, https:\/\/rlh-law.ch\/wp-content\/uploads\/2021\/10\/david-hofstetter2-150x150.jpg 150w, https:\/\/rlh-law.ch\/wp-content\/uploads\/2021\/10\/david-hofstetter2-768x768.jpg 768w\" sizes=\"(max-width: 1000px) 100vw, 1000px\" \/>\t\t\t\t\t\t\t\t\t\t\t\t\t\t\t<\/div>\n\t\t\t\t<\/div>\n\t\t\t\t<div class=\"elementor-element elementor-element-5d7c82e4 elementor-widget elementor-widget-text-editor\" data-id=\"5d7c82e4\" data-element_type=\"widget\" data-e-type=\"widget\" data-settings=\"{&quot;_animation&quot;:&quot;none&quot;}\" data-widget_type=\"text-editor.default\">\n\t\t\t\t<div class=\"elementor-widget-container\">\n\t\t\t\t\t\t\t\t\t<h3><a href=\"https:\/\/rlh-law.ch\/en\/rechtsanwaelte\/david-hofstetter\/\">David Hofstetter \"<\/a><\/h3><p><strong>Attorney at Law<\/strong><br \/>T+41 56 521 44 00<\/p>\t\t\t\t\t\t\t\t<\/div>\n\t\t\t\t<\/div>\n\t\t\t\t\t<\/div>\n\t\t<\/div>\n\t\t\t\t\t<\/div>\n\t\t<\/section>\n\t\t\t\t\t<\/div>\n\t\t<\/div>\n\t\t\t\t\t<\/div>\n\t\t<\/section>\n\t\t\t\t<\/div>","protected":false},"excerpt":{"rendered":"<p>Anwaltskanzlei f\u00fcr Erbrecht in M\u00e4genwil, Lupfig und Schinznach Rechtlicher Beistand Immer wieder kommen Unternehmer, private Einzelpersonen oder auch die \u00f6ffentliche Verwaltung in Situationen, in denen rechtlicher Beistand hilfreich sein kann. Wenn Sie in M\u00e4genwil, Lupfig oder Schinznach nach einem erfahrenen Rechtsanwalt f\u00fcr das Zivilrecht oder f\u00fcr das \u00f6ffentliche Recht suchen, dann k\u00f6nnen Sie sich vertrauensvoll [&hellip;]<\/p>\n","protected":false},"author":1,"featured_media":0,"parent":0,"menu_order":108,"comment_status":"closed","ping_status":"closed","template":"","meta":{"_seopress_robots_primary_cat":"","_seopress_titles_title":"Anwaltskanzlei f\u00fcr Erbrecht in M\u00e4genwil, Lupfig &amp; Schinznach","_seopress_titles_desc":"Wenn Sie in M\u00e4genwil, Lupfig oder Schinznach nach einem erfahrenen Rechtsanwalt f\u00fcr das Zivilrecht oder f\u00fcr das \u00f6ffentliche Recht suchen, sind Sie bei uns richtig.\r\n","_seopress_robots_index":"","footnotes":""},"class_list":["post-3231","page","type-page","status-publish","hentry"],"_links":{"self":[{"href":"https:\/\/rlh-law.ch\/en\/wp-json\/wp\/v2\/pages\/3231","targetHints":{"allow":["GET"]}}],"collection":[{"href":"https:\/\/rlh-law.ch\/en\/wp-json\/wp\/v2\/pages"}],"about":[{"href":"https:\/\/rlh-law.ch\/en\/wp-json\/wp\/v2\/types\/page"}],"author":[{"embeddable":true,"href":"https:\/\/rlh-law.ch\/en\/wp-json\/wp\/v2\/users\/1"}],"replies":[{"embeddable":true,"href":"https:\/\/rlh-law.ch\/en\/wp-json\/wp\/v2\/comments?post=3231"}],"version-history":[{"count":5,"href":"https:\/\/rlh-law.ch\/en\/wp-json\/wp\/v2\/pages\/3231\/revisions"}],"predecessor-version":[{"id":3661,"href":"https:\/\/rlh-law.ch\/en\/wp-json\/wp\/v2\/pages\/3231\/revisions\/3661"}],"wp:attachment":[{"href":"https:\/\/rlh-law.ch\/en\/wp-json\/wp\/v2\/media?parent=3231"}],"curies":[{"name":"wp","href":"https:\/\/api.w.org\/{rel}","templated":true}]}}