{"id":3042,"date":"2021-11-16T17:44:02","date_gmt":"2021-11-16T16:44:02","guid":{"rendered":"https:\/\/anwalt.aretis.ch\/?page_id=3042"},"modified":"2021-11-29T17:45:16","modified_gmt":"2021-11-29T16:45:16","slug":"anwalt-wettingen","status":"publish","type":"page","link":"https:\/\/rlh-law.ch\/en\/anwalt-wettingen\/","title":{"rendered":"Lawyer Wettingen"},"content":{"rendered":"<div data-elementor-type=\"wp-page\" data-elementor-id=\"3042\" class=\"elementor elementor-3042\" data-elementor-post-type=\"page\">\n\t\t\t\t\t\t<section class=\"elementor-section elementor-top-section elementor-element elementor-element-7f09cec4 elementor-section-full_width mobile_fix elementor-section-height-default elementor-section-height-default\" data-id=\"7f09cec4\" data-element_type=\"section\" data-e-type=\"section\">\n\t\t\t\t\t\t<div class=\"elementor-container elementor-column-gap-default\">\n\t\t\t\t\t<div class=\"elementor-column elementor-col-100 elementor-top-column elementor-element elementor-element-20e2fec7\" data-id=\"20e2fec7\" data-element_type=\"column\" data-e-type=\"column\">\n\t\t\t<div class=\"elementor-widget-wrap elementor-element-populated\">\n\t\t\t\t\t\t<div class=\"elementor-element elementor-element-795bbedd elementor-widget elementor-widget-heading\" data-id=\"795bbedd\" data-element_type=\"widget\" data-e-type=\"widget\" data-widget_type=\"heading.default\">\n\t\t\t\t<div class=\"elementor-widget-container\">\n\t\t\t\t\t<h1 class=\"elementor-heading-title elementor-size-default\">Family law for Wettingen<\/h1>\t\t\t\t<\/div>\n\t\t\t\t<\/div>\n\t\t\t\t<div class=\"elementor-element elementor-element-5137ddbf elementor-widget-divider--view-line elementor-widget elementor-widget-divider\" data-id=\"5137ddbf\" data-element_type=\"widget\" data-e-type=\"widget\" data-widget_type=\"divider.default\">\n\t\t\t\t<div class=\"elementor-widget-container\">\n\t\t\t\t\t\t\t<div class=\"elementor-divider\">\n\t\t\t<span class=\"elementor-divider-separator\">\n\t\t\t\t\t\t<\/span>\n\t\t<\/div>\n\t\t\t\t\t\t<\/div>\n\t\t\t\t<\/div>\n\t\t\t\t<section class=\"elementor-section elementor-inner-section elementor-element elementor-element-193f8efa elementor-section-full_width bugfix elementor-section-height-default elementor-section-height-default\" data-id=\"193f8efa\" data-element_type=\"section\" data-e-type=\"section\">\n\t\t\t\t\t\t<div class=\"elementor-container elementor-column-gap-default\">\n\t\t\t\t\t<div class=\"elementor-column elementor-col-50 elementor-inner-column elementor-element elementor-element-22656b7b\" data-id=\"22656b7b\" data-element_type=\"column\" data-e-type=\"column\">\n\t\t\t<div class=\"elementor-widget-wrap elementor-element-populated\">\n\t\t\t\t\t\t<div class=\"elementor-element elementor-element-4b0b48f2 elementor-widget elementor-widget-heading\" data-id=\"4b0b48f2\" data-element_type=\"widget\" data-e-type=\"widget\" data-widget_type=\"heading.default\">\n\t\t\t\t<div class=\"elementor-widget-container\">\n\t\t\t\t\t<h2 class=\"elementor-heading-title elementor-size-default\">Your legal assistance<\/h2>\t\t\t\t<\/div>\n\t\t\t\t<\/div>\n\t\t\t\t<div class=\"elementor-element elementor-element-1d5e4167 elementor-drop-cap-yes elementor-drop-cap-view-default elementor-widget elementor-widget-text-editor\" data-id=\"1d5e4167\" data-element_type=\"widget\" data-e-type=\"widget\" data-settings=\"{&quot;drop_cap&quot;:&quot;yes&quot;}\" data-widget_type=\"text-editor.default\">\n\t\t\t\t<div class=\"elementor-widget-container\">\n\t\t\t\t\t\t\t\t\t<p>Are you interested in legal assistance in Wettingen? We will be happy to provide you with one of our experienced attorneys. Our law firm for Wettingen focuses on these main areas:<\/p>\t\t\t\t\t\t\t\t<\/div>\n\t\t\t\t<\/div>\n\t\t\t\t<div class=\"elementor-element elementor-element-ef70af9 elementor-icon-list--layout-traditional elementor-list-item-link-full_width elementor-widget elementor-widget-icon-list\" data-id=\"ef70af9\" data-element_type=\"widget\" data-e-type=\"widget\" data-widget_type=\"icon-list.default\">\n\t\t\t\t<div class=\"elementor-widget-container\">\n\t\t\t\t\t\t\t<ul class=\"elementor-icon-list-items\">\n\t\t\t\t\t\t\t<li class=\"elementor-icon-list-item\">\n\t\t\t\t\t\t\t\t\t\t\t<span class=\"elementor-icon-list-icon\">\n\t\t\t\t\t\t\t<i aria-hidden=\"true\" class=\"fas fa-chevron-right\"><\/i>\t\t\t\t\t\t<\/span>\n\t\t\t\t\t\t\t\t\t\t<span class=\"elementor-icon-list-text\">Public law<\/span>\n\t\t\t\t\t\t\t\t\t<\/li>\n\t\t\t\t\t\t\t\t<li class=\"elementor-icon-list-item\">\n\t\t\t\t\t\t\t\t\t\t\t<span class=\"elementor-icon-list-icon\">\n\t\t\t\t\t\t\t<i aria-hidden=\"true\" class=\"fas fa-chevron-right\"><\/i>\t\t\t\t\t\t<\/span>\n\t\t\t\t\t\t\t\t\t\t<span class=\"elementor-icon-list-text\">Civil law<\/span>\n\t\t\t\t\t\t\t\t\t<\/li>\n\t\t\t\t\t\t<\/ul>\n\t\t\t\t\t\t<\/div>\n\t\t\t\t<\/div>\n\t\t\t\t<div class=\"elementor-element elementor-element-f207292 elementor-widget elementor-widget-text-editor\" data-id=\"f207292\" data-element_type=\"widget\" data-e-type=\"widget\" data-widget_type=\"text-editor.default\">\n\t\t\t\t<div class=\"elementor-widget-container\">\n\t\t\t\t\t\t\t\t\t<p>We help you to enforce your interests and claims and accompany you in the realization of your projects. Our offer is aimed at public administration and private individuals.<\/p><p>From planning and environmental law to private construction law, from state and administrative law to contract law, we are happy to provide you with competent legal advice. We are also happy to be the contact for small and medium-sized enterprises in the various fields of law.<\/p><p>Together with our clients, we seek and find individual and sustainable solutions. Since we focus on different areas of expertise, we bring special competence and experience to the table. If necessary, other specialists can be called in.<\/p>\t\t\t\t\t\t\t\t<\/div>\n\t\t\t\t<\/div>\n\t\t\t\t<div class=\"elementor-element elementor-element-43b07810 elementor-widget elementor-widget-button\" data-id=\"43b07810\" data-element_type=\"widget\" data-e-type=\"widget\" data-widget_type=\"button.default\">\n\t\t\t\t<div class=\"elementor-widget-container\">\n\t\t\t\t\t\t\t\t\t<div class=\"elementor-button-wrapper\">\n\t\t\t\t\t<a class=\"elementor-button elementor-button-link elementor-size-md\" href=\"https:\/\/rlh-law.ch\/en\/kontakt\/\">\n\t\t\t\t\t\t<span class=\"elementor-button-content-wrapper\">\n\t\t\t\t\t\t\t\t\t<span class=\"elementor-button-text\">Advice &amp; Contact<\/span>\n\t\t\t\t\t<\/span>\n\t\t\t\t\t<\/a>\n\t\t\t\t<\/div>\n\t\t\t\t\t\t\t\t<\/div>\n\t\t\t\t<\/div>\n\t\t\t\t<div class=\"elementor-element elementor-element-86263b1 elementor-widget elementor-widget-spacer\" data-id=\"86263b1\" data-element_type=\"widget\" data-e-type=\"widget\" data-widget_type=\"spacer.default\">\n\t\t\t\t<div class=\"elementor-widget-container\">\n\t\t\t\t\t\t\t<div class=\"elementor-spacer\">\n\t\t\t<div class=\"elementor-spacer-inner\"><\/div>\n\t\t<\/div>\n\t\t\t\t\t\t<\/div>\n\t\t\t\t<\/div>\n\t\t\t\t<div class=\"elementor-element elementor-element-53562022 elementor-cta--layout-image-above elementor-cta--skin-classic elementor-animated-content elementor-bg-transform elementor-bg-transform-zoom-in elementor-widget elementor-widget-call-to-action\" data-id=\"53562022\" data-element_type=\"widget\" data-e-type=\"widget\" data-widget_type=\"call-to-action.default\">\n\t\t\t\t<div class=\"elementor-widget-container\">\n\t\t\t\t\t\t\t<div class=\"elementor-cta\">\n\t\t\t\t\t\t\t<div class=\"elementor-cta__content\">\n\t\t\t\t\n\t\t\t\t\t\t\t\t\t<h2 class=\"elementor-cta__title elementor-cta__content-item elementor-content-item\">\n\t\t\t\t\t\tAnswers in family law\t\t\t\t\t<\/h2>\n\t\t\t\t\n\t\t\t\t\t\t\t\t\t<div class=\"elementor-cta__description elementor-cta__content-item elementor-content-item\">\n\t\t\t\t\t\tMarriage is also a legal transaction from which rights and obligations arise. The family is not only a special responsibility, it also has legal relevance.<br \/><br \/> We are at your disposal as a contact for all questions and conflicts of family law. Together with you we will find amicable and extra-legal solutions in connection with the family, marriage and your offspring. \n<br \/><br \/>\nIf an amicable solution to the problems is not possible, we will assist you in legal or official proceedings. The focus here is on your personal needs and ideas.\t\t\t\t\t<\/div>\n\t\t\t\t\n\t\t\t\t\t\t\t<\/div>\n\t\t\t\t\t\t<\/div>\n\t\t\t\t\t\t<\/div>\n\t\t\t\t<\/div>\n\t\t\t\t<div class=\"elementor-element elementor-element-66f6d840 elementor-widget elementor-widget-spacer\" data-id=\"66f6d840\" data-element_type=\"widget\" data-e-type=\"widget\" data-widget_type=\"spacer.default\">\n\t\t\t\t<div class=\"elementor-widget-container\">\n\t\t\t\t\t\t\t<div class=\"elementor-spacer\">\n\t\t\t<div class=\"elementor-spacer-inner\"><\/div>\n\t\t<\/div>\n\t\t\t\t\t\t<\/div>\n\t\t\t\t<\/div>\n\t\t\t\t<div class=\"elementor-element elementor-element-66f62ad3 elementor-widget elementor-widget-heading\" data-id=\"66f62ad3\" data-element_type=\"widget\" data-e-type=\"widget\" data-widget_type=\"heading.default\">\n\t\t\t\t<div class=\"elementor-widget-container\">\n\t\t\t\t\t<h2 class=\"elementor-heading-title elementor-size-default\">Separation, divorce and the family law<\/h2>\t\t\t\t<\/div>\n\t\t\t\t<\/div>\n\t\t\t\t<div class=\"elementor-element elementor-element-8948dcd elementor-drop-cap-yes elementor-drop-cap-view-default elementor-widget elementor-widget-text-editor\" data-id=\"8948dcd\" data-element_type=\"widget\" data-e-type=\"widget\" data-settings=\"{&quot;drop_cap&quot;:&quot;yes&quot;}\" data-widget_type=\"text-editor.default\">\n\t\t\t\t<div class=\"elementor-widget-container\">\n\t\t\t\t\t\t\t\t\t<p>Many questions of family law arise especially in connection with a separation or a divorce. Which separation agreements are made? How do matrimonial proceedings proceed? How is parental care and custody to be regulated? What measures are to be taken to protect the best interests of the child? Prenuptial agreements, wills, contracts of inheritance and division of estates are also part of the disciplines of family law.<\/p><p>Take advantage of our experts' many years of experience in family law to overcome these challenges, clarify issues and assert your interests.<\/p>\t\t\t\t\t\t\t\t<\/div>\n\t\t\t\t<\/div>\n\t\t\t\t<div class=\"elementor-element elementor-element-20b007a elementor-widget elementor-widget-image\" data-id=\"20b007a\" data-element_type=\"widget\" data-e-type=\"widget\" data-widget_type=\"image.default\">\n\t\t\t\t<div class=\"elementor-widget-container\">\n\t\t\t\t\t\t\t\t\t\t\t\t\t\t\t<img fetchpriority=\"high\" decoding=\"async\" width=\"1500\" height=\"491\" src=\"https:\/\/rlh-law.ch\/wp-content\/uploads\/2021\/11\/landings.jpg\" class=\"attachment-full size-full wp-image-3655\" alt=\"\" srcset=\"https:\/\/rlh-law.ch\/wp-content\/uploads\/2021\/11\/landings.jpg 1500w, https:\/\/rlh-law.ch\/wp-content\/uploads\/2021\/11\/landings-300x98.jpg 300w, https:\/\/rlh-law.ch\/wp-content\/uploads\/2021\/11\/landings-1024x335.jpg 1024w, https:\/\/rlh-law.ch\/wp-content\/uploads\/2021\/11\/landings-768x251.jpg 768w\" sizes=\"(max-width: 1500px) 100vw, 1500px\" \/>\t\t\t\t\t\t\t\t\t\t\t\t\t\t\t<\/div>\n\t\t\t\t<\/div>\n\t\t\t\t<div class=\"elementor-element elementor-element-45d3fda7 elementor-widget elementor-widget-spacer\" data-id=\"45d3fda7\" data-element_type=\"widget\" data-e-type=\"widget\" data-widget_type=\"spacer.default\">\n\t\t\t\t<div class=\"elementor-widget-container\">\n\t\t\t\t\t\t\t<div class=\"elementor-spacer\">\n\t\t\t<div class=\"elementor-spacer-inner\"><\/div>\n\t\t<\/div>\n\t\t\t\t\t\t<\/div>\n\t\t\t\t<\/div>\n\t\t\t\t<div class=\"elementor-element elementor-element-43d0797f elementor-cta--skin-classic elementor-animated-content elementor-bg-transform elementor-bg-transform-zoom-in elementor-widget elementor-widget-call-to-action\" data-id=\"43d0797f\" data-element_type=\"widget\" data-e-type=\"widget\" data-widget_type=\"call-to-action.default\">\n\t\t\t\t<div class=\"elementor-widget-container\">\n\t\t\t\t\t\t\t<div class=\"elementor-cta\">\n\t\t\t\t\t\t\t<div class=\"elementor-cta__content\">\n\t\t\t\t\n\t\t\t\t\t\t\t\t\t<h2 class=\"elementor-cta__title elementor-cta__content-item elementor-content-item\">\n\t\t\t\t\t\tChild law in Wettingen\t\t\t\t\t<\/h2>\n\t\t\t\t\n\t\t\t\t\t\t\t\t\t<div class=\"elementor-cta__description elementor-cta__content-item elementor-content-item\">\n\t\t\t\t\t\tChildren also have rights. The legal relationship between parents and children begins with the birth of a child. It ends with the death of one of the parties. Relationships between parents and children are usually very emotional, intense, multifaceted and, of course, long-term.<br \/><br \/> The child's dependence on parents gradually turns into independence and is therefore subject to constant change. How is parental care to be understood legally? How is child support financed? How is paternity proven, presumed or contested? Further topics of child law are:<br \/><br \/>\n<ul>\n<li>Childcare maintenance<\/li>\n<li>Volj\u00e4hrigeunterhalt<\/li>\n<li>Adoptions<\/li>\n<li>Assistance sheep<\/li>\n<\/ul>\n<br \/>\t\t\t\t\t<\/div>\n\t\t\t\t\n\t\t\t\t\t\t\t\t\t<div class=\"elementor-cta__button-wrapper elementor-cta__content-item elementor-content-item\">\n\t\t\t\t\t<a class=\"elementor-cta__button elementor-button elementor-size-md\" href=\"https:\/\/rlh-law.ch\/en\/kontakt\/\">\n\t\t\t\t\t\tContact\t\t\t\t\t<\/a>\n\t\t\t\t\t<\/div>\n\t\t\t\t\t\t\t<\/div>\n\t\t\t\t\t\t\t<div class=\"elementor-ribbon\">\n\t\t\t\t<div class=\"elementor-ribbon-inner\">\n\t\t\t\t\tChild law\t\t\t\t<\/div>\n\t\t\t<\/div>\n\t\t\t\t<\/div>\n\t\t\t\t\t\t<\/div>\n\t\t\t\t<\/div>\n\t\t\t\t<div class=\"elementor-element elementor-element-c9e2848 elementor-widget elementor-widget-spacer\" data-id=\"c9e2848\" data-element_type=\"widget\" data-e-type=\"widget\" data-widget_type=\"spacer.default\">\n\t\t\t\t<div class=\"elementor-widget-container\">\n\t\t\t\t\t\t\t<div class=\"elementor-spacer\">\n\t\t\t<div class=\"elementor-spacer-inner\"><\/div>\n\t\t<\/div>\n\t\t\t\t\t\t<\/div>\n\t\t\t\t<\/div>\n\t\t\t\t<div class=\"elementor-element elementor-element-58e8cbc elementor-widget elementor-widget-heading\" data-id=\"58e8cbc\" data-element_type=\"widget\" data-e-type=\"widget\" data-widget_type=\"heading.default\">\n\t\t\t\t<div class=\"elementor-widget-container\">\n\t\t\t\t\t<h2 class=\"elementor-heading-title elementor-size-default\">Divorce law for Wettingen<\/h2>\t\t\t\t<\/div>\n\t\t\t\t<\/div>\n\t\t\t\t<div class=\"elementor-element elementor-element-401853fc elementor-widget elementor-widget-text-editor\" data-id=\"401853fc\" data-element_type=\"widget\" data-e-type=\"widget\" data-widget_type=\"text-editor.default\">\n\t\t\t\t<div class=\"elementor-widget-container\">\n\t\t\t\t\t\t\t\t\t\"Till death do us part,\" is the Church's marriage vow. However, the life practice of people today looks somewhat different: Around 40% of all marriages in Switzerland are divorced again.<br \/><br \/>\n\nSpouses often do not think about the jointly growing assets during their life in the family. In the event of a divorce, however, these assets must be separated again. The changed living situation in the course of the divorce can already lead to a life crisis, and then there are the economic issues.\n<br \/><br \/>\n\nIn addition to possible medical care, legal support can also be useful. The maintenance of the children has to be clarified and calculated, the mutual assets (or even debts) have to be disentangled. Legal representation can also be provided jointly for both parties concerned. In this way, amicable solutions can be developed that usually exceed the legal minimum standard. In most cases, it is possible to resolve the issues arising in the context of a divorce out of court.\n<br \/><br \/>\n\nWe can also assist you in drafting a prenuptial agreement, enforcing court judgments and in property disputes, as well as in regulating parental custody and guardianship.\t\t\t\t\t\t\t\t<\/div>\n\t\t\t\t<\/div>\n\t\t\t\t<div class=\"elementor-element elementor-element-7939bd9 elementor-widget elementor-widget-text-editor\" data-id=\"7939bd9\" data-element_type=\"widget\" data-e-type=\"widget\" data-widget_type=\"text-editor.default\">\n\t\t\t\t<div class=\"elementor-widget-container\">\n\t\t\t\t\t\t\t\t\tWe are there for you throughout Switzerland and also regionally. We serve customers among others as <a href=\"https:\/\/rlh-law.ch\/en\/anwalt-aarau\/\">Lawyer in Aarau<\/a>, as a law firm we deal with <a href=\"https:\/\/rlh-law.ch\/en\/anwalt-oeffentliches-recht-wettingen\/\">Public law<\/a> and are known as <a href=\"https:\/\/rlh-law.ch\/en\/anwalt-aargau\/\">Lawyers throughout the canton of Aargau<\/a> on the road. When you <a href=\"https:\/\/rlh-law.ch\/en\/anwalt-maegenwil-lupfig-und-schinznach\/\">Lawyers for M\u00e4genwil and Lupfig <\/a>you have come to the right place.\t\t\t\t\t\t\t\t<\/div>\n\t\t\t\t<\/div>\n\t\t\t\t<div class=\"elementor-element elementor-element-c842480 elementor-widget elementor-widget-spacer\" data-id=\"c842480\" data-element_type=\"widget\" data-e-type=\"widget\" data-widget_type=\"spacer.default\">\n\t\t\t\t<div class=\"elementor-widget-container\">\n\t\t\t\t\t\t\t<div class=\"elementor-spacer\">\n\t\t\t<div class=\"elementor-spacer-inner\"><\/div>\n\t\t<\/div>\n\t\t\t\t\t\t<\/div>\n\t\t\t\t<\/div>\n\t\t\t\t\t<\/div>\n\t\t<\/div>\n\t\t\t\t<div class=\"elementor-column elementor-col-50 elementor-inner-column elementor-element elementor-element-4a991133 ansprechpartner_fix\" data-id=\"4a991133\" data-element_type=\"column\" data-e-type=\"column\">\n\t\t\t<div class=\"elementor-widget-wrap elementor-element-populated\">\n\t\t\t\t\t\t<div class=\"elementor-element elementor-element-50bb8836 elementor-widget elementor-widget-heading\" data-id=\"50bb8836\" data-element_type=\"widget\" data-e-type=\"widget\" data-widget_type=\"heading.default\">\n\t\t\t\t<div class=\"elementor-widget-container\">\n\t\t\t\t\t<h2 class=\"elementor-heading-title elementor-size-default\">Contact<\/h2>\t\t\t\t<\/div>\n\t\t\t\t<\/div>\n\t\t\t\t<div class=\"elementor-element elementor-element-12d700be elementor-widget elementor-widget-image\" data-id=\"12d700be\" data-element_type=\"widget\" data-e-type=\"widget\" data-settings=\"{&quot;_animation&quot;:&quot;none&quot;}\" data-widget_type=\"image.default\">\n\t\t\t\t<div class=\"elementor-widget-container\">\n\t\t\t\t\t\t\t\t\t\t\t\t\t\t\t<img decoding=\"async\" width=\"1000\" height=\"1000\" src=\"https:\/\/rlh-law.ch\/wp-content\/uploads\/2021\/10\/alexander-rey.jpg\" class=\"attachment-full size-full wp-image-1261\" alt=\"\" srcset=\"https:\/\/rlh-law.ch\/wp-content\/uploads\/2021\/10\/alexander-rey.jpg 1000w, https:\/\/rlh-law.ch\/wp-content\/uploads\/2021\/10\/alexander-rey-300x300.jpg 300w, https:\/\/rlh-law.ch\/wp-content\/uploads\/2021\/10\/alexander-rey-150x150.jpg 150w, https:\/\/rlh-law.ch\/wp-content\/uploads\/2021\/10\/alexander-rey-768x768.jpg 768w\" sizes=\"(max-width: 1000px) 100vw, 1000px\" \/>\t\t\t\t\t\t\t\t\t\t\t\t\t\t\t<\/div>\n\t\t\t\t<\/div>\n\t\t\t\t<div class=\"elementor-element elementor-element-5cb66d1 elementor-widget elementor-widget-text-editor\" data-id=\"5cb66d1\" data-element_type=\"widget\" data-e-type=\"widget\" data-settings=\"{&quot;_animation&quot;:&quot;none&quot;}\" data-widget_type=\"text-editor.default\">\n\t\t\t\t<div class=\"elementor-widget-container\">\n\t\t\t\t\t\t\t\t\t<h3><a href=\"https:\/\/rlh-law.ch\/en\/rechtsanwaelte\/alexander-rey\/\">Alexander Rey<\/a><\/h3><p><strong>Attorney at Law<br \/>Specialist lawyer SAV<br \/>Construction and real estate law<\/strong><br \/>T+41 56 521 44 00<\/p>\t\t\t\t\t\t\t\t<\/div>\n\t\t\t\t<\/div>\n\t\t\t\t<div class=\"elementor-element elementor-element-436b84eb elementor-widget elementor-widget-image\" data-id=\"436b84eb\" data-element_type=\"widget\" data-e-type=\"widget\" data-settings=\"{&quot;_animation&quot;:&quot;none&quot;}\" data-widget_type=\"image.default\">\n\t\t\t\t<div class=\"elementor-widget-container\">\n\t\t\t\t\t\t\t\t\t\t\t\t\t\t\t<img decoding=\"async\" width=\"1000\" height=\"1000\" src=\"https:\/\/rlh-law.ch\/wp-content\/uploads\/2021\/10\/markus-laeuffer2.jpg\" class=\"attachment-full size-full wp-image-1089\" alt=\"\" srcset=\"https:\/\/rlh-law.ch\/wp-content\/uploads\/2021\/10\/markus-laeuffer2.jpg 1000w, https:\/\/rlh-law.ch\/wp-content\/uploads\/2021\/10\/markus-laeuffer2-300x300.jpg 300w, https:\/\/rlh-law.ch\/wp-content\/uploads\/2021\/10\/markus-laeuffer2-150x150.jpg 150w, https:\/\/rlh-law.ch\/wp-content\/uploads\/2021\/10\/markus-laeuffer2-768x768.jpg 768w\" sizes=\"(max-width: 1000px) 100vw, 1000px\" \/>\t\t\t\t\t\t\t\t\t\t\t\t\t\t\t<\/div>\n\t\t\t\t<\/div>\n\t\t\t\t<div class=\"elementor-element elementor-element-f42c48a elementor-widget elementor-widget-text-editor\" data-id=\"f42c48a\" data-element_type=\"widget\" data-e-type=\"widget\" data-settings=\"{&quot;_animation&quot;:&quot;none&quot;}\" data-widget_type=\"text-editor.default\">\n\t\t\t\t<div class=\"elementor-widget-container\">\n\t\t\t\t\t\t\t\t\t<h3><a href=\"https:\/\/rlh-law.ch\/en\/rechtsanwaelte\/markus-laeuffer\/\">Markus L\u00e4uffer<\/a><\/h3>\n<strong>LL.M., Attorney at Law\nSpecialist attorney SAV family law<\/strong>\nT+41 56 521 44 00\t\t\t\t\t\t\t\t<\/div>\n\t\t\t\t<\/div>\n\t\t\t\t<div class=\"elementor-element elementor-element-181e934b elementor-widget elementor-widget-image\" data-id=\"181e934b\" data-element_type=\"widget\" data-e-type=\"widget\" data-settings=\"{&quot;_animation&quot;:&quot;none&quot;}\" data-widget_type=\"image.default\">\n\t\t\t\t<div class=\"elementor-widget-container\">\n\t\t\t\t\t\t\t\t\t\t\t\t\t\t\t<img loading=\"lazy\" decoding=\"async\" width=\"1000\" height=\"1000\" src=\"https:\/\/rlh-law.ch\/wp-content\/uploads\/2021\/10\/david-hofstetter2.jpg\" class=\"attachment-full size-full wp-image-1085\" alt=\"\" srcset=\"https:\/\/rlh-law.ch\/wp-content\/uploads\/2021\/10\/david-hofstetter2.jpg 1000w, https:\/\/rlh-law.ch\/wp-content\/uploads\/2021\/10\/david-hofstetter2-300x300.jpg 300w, https:\/\/rlh-law.ch\/wp-content\/uploads\/2021\/10\/david-hofstetter2-150x150.jpg 150w, https:\/\/rlh-law.ch\/wp-content\/uploads\/2021\/10\/david-hofstetter2-768x768.jpg 768w\" sizes=\"(max-width: 1000px) 100vw, 1000px\" \/>\t\t\t\t\t\t\t\t\t\t\t\t\t\t\t<\/div>\n\t\t\t\t<\/div>\n\t\t\t\t<div class=\"elementor-element elementor-element-7ce39db5 elementor-widget elementor-widget-text-editor\" data-id=\"7ce39db5\" data-element_type=\"widget\" data-e-type=\"widget\" data-settings=\"{&quot;_animation&quot;:&quot;none&quot;}\" data-widget_type=\"text-editor.default\">\n\t\t\t\t<div class=\"elementor-widget-container\">\n\t\t\t\t\t\t\t\t\t<h3><a href=\"https:\/\/rlh-law.ch\/en\/rechtsanwaelte\/david-hofstetter\/\">David Hofstetter<\/a><\/h3><p><strong>Attorney at Law<\/strong><br \/>T+41 56 521 44 00<\/p>\t\t\t\t\t\t\t\t<\/div>\n\t\t\t\t<\/div>\n\t\t\t\t\t<\/div>\n\t\t<\/div>\n\t\t\t\t\t<\/div>\n\t\t<\/section>\n\t\t\t\t\t<\/div>\n\t\t<\/div>\n\t\t\t\t\t<\/div>\n\t\t<\/section>\n\t\t\t\t<\/div>","protected":false},"excerpt":{"rendered":"<p>Familienrecht f\u00fcr Wettingen Ihr rechtlicher Beistand Sie interessieren sich f\u00fcr rechtlichen Beistand in Wettingen? Gerne stellen wir Ihnen einen unserer erfahrenen Rechtsanw\u00e4lte zur Seite. Unsere Anwaltskanzlei f\u00fcr Wettingen konzentriert sich auf diese Schwerpunkte: \u00d6ffentliches Recht Zivilrecht Wir helfen Ihnen dabei, Ihre Interessen und Anspr\u00fcche durchzusetzen und begleiten Sie bei der Verwirklichung Ihrer Projekte. Unser Angebot [&hellip;]<\/p>\n","protected":false},"author":1,"featured_media":0,"parent":0,"menu_order":101,"comment_status":"closed","ping_status":"closed","template":"","meta":{"_seopress_robots_primary_cat":"","_seopress_titles_title":"Familienrecht f\u00fcr Wettingen | Rey L\u00e4uffer Hofstetter","_seopress_titles_desc":"Sie interessieren sich f\u00fcr rechtlichen Beistand in Wettingen? Gerne stellen wir Ihnen einen unserer erfahrenen Rechtsanw\u00e4lte zur Seite. ","_seopress_robots_index":"","footnotes":""},"class_list":["post-3042","page","type-page","status-publish","hentry"],"_links":{"self":[{"href":"https:\/\/rlh-law.ch\/en\/wp-json\/wp\/v2\/pages\/3042","targetHints":{"allow":["GET"]}}],"collection":[{"href":"https:\/\/rlh-law.ch\/en\/wp-json\/wp\/v2\/pages"}],"about":[{"href":"https:\/\/rlh-law.ch\/en\/wp-json\/wp\/v2\/types\/page"}],"author":[{"embeddable":true,"href":"https:\/\/rlh-law.ch\/en\/wp-json\/wp\/v2\/users\/1"}],"replies":[{"embeddable":true,"href":"https:\/\/rlh-law.ch\/en\/wp-json\/wp\/v2\/comments?post=3042"}],"version-history":[{"count":5,"href":"https:\/\/rlh-law.ch\/en\/wp-json\/wp\/v2\/pages\/3042\/revisions"}],"predecessor-version":[{"id":3667,"href":"https:\/\/rlh-law.ch\/en\/wp-json\/wp\/v2\/pages\/3042\/revisions\/3667"}],"wp:attachment":[{"href":"https:\/\/rlh-law.ch\/en\/wp-json\/wp\/v2\/media?parent=3042"}],"curies":[{"name":"wp","href":"https:\/\/api.w.org\/{rel}","templated":true}]}}